{"id":333,"date":"2021-06-15T20:35:17","date_gmt":"2021-06-15T23:35:17","guid":{"rendered":"https:\/\/www.liorg.org\/?page_id=333"},"modified":"2021-07-12T22:42:10","modified_gmt":"2021-07-13T01:42:10","slug":"acervo-bibliografico","status":"publish","type":"page","link":"https:\/\/www.liorg.org\/en\/acervo-bibliografico\/","title":{"rendered":"Bibliographic collection"},"content":{"rendered":"<p style=\"max-width:900px;margin-left:auto;margin-right:auto;\">LIOrg \u2013 Language, Institutions and Organizations Research Center \u2013 has the following titles in its library:<\/p>\n\n\n\n<table id=\"tablepress-1\" class=\"tablepress tablepress-id-1\">\n<thead>\n<tr class=\"row-1 odd\">\n\t<th class=\"column-1\"><\/th><th class=\"column-2\"><\/th>\n<\/tr>\n<\/thead>\n<tbody class=\"row-hover\">\n<tr class=\"row-2 even\">\n\t<td class=\"column-1\">Book<\/td><td class=\"column-2\">Media<\/td>\n<\/tr>\n<tr class=\"row-3 odd\">\n\t<td class=\"column-1\">Abrutyn, Seth. (2014). Revisiting Institutionalism in Sociology: Putting the \"Institution\" Back in Institutional Analysis. New York: Routledge.<\/td><td class=\"column-2\">Ebook<\/td>\n<\/tr>\n<tr class=\"row-4 even\">\n\t<td class=\"column-1\">Abrutyn, Seth, &amp; Turner, J. H. (2022). The First Institutional Spheres in Human Societies: Evolution and Adaptations from Foraging to the Threshold of Modernity. New York: Routledge.<\/td><td class=\"column-2\">Ebook<\/td>\n<\/tr>\n<tr class=\"row-5 odd\">\n\t<td class=\"column-1\">Adler, P. S. (Ed.). (2009). The Oxford Handbook of Sociology and Organization Studies: Classical Foundations. 1. ed. England: Oxford University Press.<\/td><td class=\"column-2\">Ebook<\/td>\n<\/tr>\n<tr class=\"row-6 even\">\n\t<td class=\"column-1\">Adler, P., Du Gay, P., Morgan, G., &amp; Reed, M. (Eds.). (2014). The Oxford Handbook of Sociology, Social Theory and Organization Studies \u2013 Contemporary Currents. 1. ed. New York: Oxford University Press.<\/td><td class=\"column-2\">Ebook<\/td>\n<\/tr>\n<tr class=\"row-7 odd\">\n\t<td class=\"column-1\">Ara\u00fajo, I. L. (2004). Do Signo ao Discurso: Introdu\u00e7\u00e3o \u00e0 Filosofia da Linguagem. S\u00e3o Paulo: Par\u00e1bola Editorial.<\/td><td class=\"column-2\">Livro f\u00edsico<\/td>\n<\/tr>\n<tr class=\"row-8 even\">\n\t<td class=\"column-1\">Austin, J. L. (1990). Quando Dizer \u00e9 Fazer: Palavras e A\u00e7\u00e3o. Porto Alegre: Artes M\u00e9dicas.<\/td><td class=\"column-2\">Livro f\u00edsico<\/td>\n<\/tr>\n<tr class=\"row-9 odd\">\n\t<td class=\"column-1\">Bernstein, R. J. (2010). The Pragmatic Turn. Cambridge, UK: Polity Press.<\/td><td class=\"column-2\">Livro f\u00edsico \/ Ebook<\/td>\n<\/tr>\n<tr class=\"row-10 even\">\n\t<td class=\"column-1\">Bastos, C. L., &amp; Candiotto, K. B. B. (2007). Filosofia da Linguagem. Petr\u00f3polis, RJ: Vozes.<\/td><td class=\"column-2\">Livro f\u00edsico<\/td>\n<\/tr>\n<tr class=\"row-11 odd\">\n\t<td class=\"column-1\">Cooren, F., Taylor, J. R., &amp; Van Every, E. J. (Eds.). (2006). Communication as Organizing: Empirical and Theoretical Approaches into the Dynamic of Text and Conversation. Mahwah, NJ: Lawrence Erlbaum.<\/td><td class=\"column-2\">Livro f\u00edsico<\/td>\n<\/tr>\n<tr class=\"row-12 even\">\n\t<td class=\"column-1\">Cooren, F., Vaara, E., Langley, A., &amp; Tsoukas, H. (Eds.). (2014). Language and Communication at Work: Discourse, Narrativity, and Organizing. (Perspectives on Process Organization Studies). New York: Oxford University Press.<\/td><td class=\"column-2\">Ebook<\/td>\n<\/tr>\n<tr class=\"row-13 odd\">\n\t<td class=\"column-1\">Czarniawska, B. (2008). A Theory of Organizing. Cheltenham, UK: Edward Elgar Publishing Limited.<\/td><td class=\"column-2\">Livro f\u00edsico<\/td>\n<\/tr>\n<tr class=\"row-14 even\">\n\t<td class=\"column-1\">Dayan, D., &amp; Katz, E. (1992). Media Events: The Live Broadcasting of History. Cambridge, Harvard UP.<\/td><td class=\"column-2\">Livro f\u00edsico<\/td>\n<\/tr>\n<tr class=\"row-15 odd\">\n\t<td class=\"column-1\">Demo, P. (2012). Pesquisa e Constru\u00e7\u00e3o de Conhecimento: Metodologia Cient\u00edfica no Caminho de Habermas. 7. ed. Rio de Janeiro: Tempo Brasileiro.<\/td><td class=\"column-2\">Livro f\u00edsico<\/td>\n<\/tr>\n<tr class=\"row-16 even\">\n\t<td class=\"column-1\">Engwall, L., Kipping, M., &amp; \u00dcsdiken, B. (2016). Defining Management: Business Schools, Consultants, Media. 1. ed. London: Routledge. <\/td><td class=\"column-2\">Livro f\u00edsico<\/td>\n<\/tr>\n<tr class=\"row-17 odd\">\n\t<td class=\"column-1\">Everett, Daniel L. (2019). Linguagem: A Hist\u00f3ria da Maior Inven\u00e7\u00e3o da Humanidade. S\u00e3o Paulo: Contexto.<\/td><td class=\"column-2\">Livro f\u00edsico<\/td>\n<\/tr>\n<tr class=\"row-18 even\">\n\t<td class=\"column-1\">Flick, U. (Ed.). (2009).\u00a0The SAGE handbook of qualitative data analysis. 1. ed. London, Thousand Oaks, CA &amp; New Dehli: Sage Publications.<\/td><td class=\"column-2\">Livro f\u00edsico<\/td>\n<\/tr>\n<tr class=\"row-19 odd\">\n\t<td class=\"column-1\">Greenwood, R., Oliver, C., Lawrence, T., &amp; Meyer, R. E. (Eds.). (2017). The SAGE Handbook of Organizational Institutionalism. 2. ed. London, Thousand Oaks, CA &amp; New Dehli: Sage Publications.<\/td><td class=\"column-2\">Livro f\u00edsico<\/td>\n<\/tr>\n<tr class=\"row-20 even\">\n\t<td class=\"column-1\">Greenwood, R., Oliver, C., Sahlin, K., &amp; Suddaby, R. (Eds.).\u00a0(2008). The SAGE Handbook of Organizational Institutionalism.\u00a0London, Thousand Oaks, CA &amp; New Dehli: Sage Publications.<\/td><td class=\"column-2\">Livro f\u00edsico \/ Ebook<\/td>\n<\/tr>\n<tr class=\"row-21 odd\">\n\t<td class=\"column-1\">Habermas, J. (1979). Communication and the Evolution of Society. Toronto, Canada: Beacon Press.<\/td><td class=\"column-2\">Livro f\u00edsico<\/td>\n<\/tr>\n<tr class=\"row-22 even\">\n\t<td class=\"column-1\">Habermas, J. (2003). Consci\u00eancia Moral e Agir Comunicativo. Rio de Janeiro: Tempo Brasileiro.<\/td><td class=\"column-2\">Livro f\u00edsico<\/td>\n<\/tr>\n<tr class=\"row-23 odd\">\n\t<td class=\"column-1\">Heclo, H. (2011). On Thinking Institutionally. New York: Oxford University Press.<\/td><td class=\"column-2\">Livro f\u00edsico<\/td>\n<\/tr>\n<tr class=\"row-24 even\">\n\t<td class=\"column-1\">Helin, J., Hernes, T., Hjorth, D., &amp; Holt, R. (Eds.). (2014). The Oxford Handbook of Process Philosophy and Organization Studies. 1. ed. New York: Oxford University Press.<\/td><td class=\"column-2\">Livro f\u00edsico<\/td>\n<\/tr>\n<tr class=\"row-25 odd\">\n\t<td class=\"column-1\">Herder, Johann Gottfried (1987). Ensaio Sobre a Origem da Linguagem. Tradu\u00e7\u00e3o de Jos\u00e9 M. Justo. Lisboa, Portugal: Edi\u00e7\u00f5es Ant\u00edgona.<\/td><td class=\"column-2\">Livro f\u00edsico<\/td>\n<\/tr>\n<tr class=\"row-26 even\">\n\t<td class=\"column-1\">Hotlzhausen, D., &amp; Zerfass, A. (Eds.). (2015). The Routledge Handbook of Strategic Communication. New York: Routledge.<\/td><td class=\"column-2\">Ebook<\/td>\n<\/tr>\n<tr class=\"row-27 odd\">\n\t<td class=\"column-1\">Jablin, F. M., &amp; Putnam, L. L. (Eds.). (2001). The New Handbook of Organizational Communication: Advances in Theory, Research, and Methods. London, Thousand Oaks, CA &amp; New Dehli: Sage Publications.<\/td><td class=\"column-2\">Livro f\u00edsico \/ Ebook<\/td>\n<\/tr>\n<tr class=\"row-28 even\">\n\t<td class=\"column-1\">Kessler, Eric H. (Eds.). (2013). The SAGE Encyclopedia of Management Theory \u2013 Two Volume Set. London, Thousand Oaks, CA &amp; New Dehli: Sage Publications.<\/td><td class=\"column-2\">Ebook<\/td>\n<\/tr>\n<tr class=\"row-29 odd\">\n\t<td class=\"column-1\">Kipping, M., &amp; Clark, M. (Eds.). (2012). The Oxford Handbook of Management Consulting. Oxford, UK: Oxford University Press: New York, NY.<\/td><td class=\"column-2\">Livro f\u00edsico<\/td>\n<\/tr>\n<tr class=\"row-30 even\">\n\t<td class=\"column-1\">Kr\u00fccken, G., Mazza, C., Meyer, R. E., &amp; Walgenbach, P. (Eds.). (2017). New Themes in Institutional Analysis: Topics and Issues from European Research. Cheltenham, UK: Edward Elgar Publishing Limited.<\/td><td class=\"column-2\">Ebook<\/td>\n<\/tr>\n<tr class=\"row-31 odd\">\n\t<td class=\"column-1\">Langley, A., &amp; Tsoukas, H. (Eds.). (2017). The SAGE Handbook of Process Organization Studies. 1 ed. London, Thousand Oaks, CA &amp; New Dehli: Sage Publications.<\/td><td class=\"column-2\">Livro f\u00edsico<\/td>\n<\/tr>\n<tr class=\"row-32 even\">\n\t<td class=\"column-1\">Lounsbury, M., &amp; Glynn, M. A. (2019). Cultural Entrepreneurship: A New Agenda for the Study of Entrepreneurial Processes and Possibilities.Cambridge: Cambridge University Press.<\/td><td class=\"column-2\">Ebook<\/td>\n<\/tr>\n<tr class=\"row-33 odd\">\n\t<td class=\"column-1\">Lourau, R. (2014). A An\u00e1lise Institucional. 3. ed. Petr\u00f3polis, RJ: Vozes.<\/td><td class=\"column-2\">Livro f\u00edsico<\/td>\n<\/tr>\n<tr class=\"row-34 even\">\n\t<td class=\"column-1\">Marcondes, D. (2017). As Armadilhas da Linguagem: Significado e A\u00e7\u00e3o para Al\u00e9m do Discurso. 1. ed. Rio de Janeiro: Zahar.<\/td><td class=\"column-2\">Livro f\u00edsico<\/td>\n<\/tr>\n<tr class=\"row-35 odd\">\n\t<td class=\"column-1\">May, S., &amp; Mumby, D. K. (Eds.). (2005). Engaging Organizational Communication Theory and Research: Multiple Perspectives. London, Thousand Oaks, CA &amp; New Dehli: Sage Publications.<\/td><td class=\"column-2\">Livro f\u00edsico<\/td>\n<\/tr>\n<tr class=\"row-36 even\">\n\t<td class=\"column-1\">Muzio, D., Aulakh, S., &amp; Kirkpatrick, I. (2019). Professional Occupations and Organizations. Cambridge: University Press.<\/td><td class=\"column-2\">Ebook<\/td>\n<\/tr>\n<tr class=\"row-37 odd\">\n\t<td class=\"column-1\">Nabi, R. L., &amp; Oliver, M. B. (Eds.). (2009). The SAGE Handbook of Media Processes and Effects. 1. ed. London, Thousand Oaks, CA &amp; New Dehli: Sage Publications.<\/td><td class=\"column-2\">Livro f\u00edsico<\/td>\n<\/tr>\n<tr class=\"row-38 even\">\n\t<td class=\"column-1\">Nicotera, A. M. (Ed.). (2020). Origins and Traditions of Organizational Communication: A Comprehensive Introduction to the Field. London: Routledge.<\/td><td class=\"column-2\">Ebook<\/td>\n<\/tr>\n<tr class=\"row-39 odd\">\n\t<td class=\"column-1\">North, Douglass C. (2018). Institui\u00e7\u00f5es, Mudan\u00e7a Institucional e Desempenho Econ\u00f4mico. S\u00e3o Paulo: Tr\u00eas Estrelas.<\/td><td class=\"column-2\">Livro f\u00edsico<\/td>\n<\/tr>\n<tr class=\"row-40 even\">\n\t<td class=\"column-1\">Oliveira, M. A. (2006). Reviravolta Ling\u00fc\u00edstico-Pragm\u00e1tica na Filosofia Contempor\u00e2nea. 3. ed. S\u00e3o Paulo: Edi\u00e7\u00f5es Loyola.<\/td><td class=\"column-2\">Livro f\u00edsico<\/td>\n<\/tr>\n<tr class=\"row-41 odd\">\n\t<td class=\"column-1\">Pallas, J., Stranneg\u00e5rd, L., &amp; Jonsson, S. (Eds.). (2014). Organizations and the Media: Organizing in a Mediatized World. New York, NY: Routledge.<\/td><td class=\"column-2\">Ebook<\/td>\n<\/tr>\n<tr class=\"row-42 even\">\n\t<td class=\"column-1\">Phillips, N., &amp; Hardy, C. (2002). Discourse Analysis: Investigating Processes of Social Construction. London, Thousand Oaks, CA &amp; New Dehli: Sage Publications. (Qualitative Research Methods, v. 50)<\/td><td class=\"column-2\">Livro f\u00edsico<\/td>\n<\/tr>\n<tr class=\"row-43 odd\">\n\t<td class=\"column-1\">Putnam, L. L., &amp; Mumby, D. K. (Eds.). (2014). The SAGE Handbook of Organizational Communication: Advances in Theory, Research, and Methods. 3. ed. London, Thousand Oaks, CA &amp; New Dehli: Sage Publications.<\/td><td class=\"column-2\">Livro f\u00edsico<\/td>\n<\/tr>\n<tr class=\"row-44 even\">\n\t<td class=\"column-1\">Putnam, L. L., &amp; Nicotera, A. M. (Eds.). (2009). Building Theories of Organization: The Constitutive role of Communication. New York: Routledge.<\/td><td class=\"column-2\">Livro f\u00edsico \/ Ebook<\/td>\n<\/tr>\n<tr class=\"row-45 odd\">\n\t<td class=\"column-1\">Rousseau, Jean-Jacques (2008). Ensaio Sobre a Origem das L\u00ednguas. 3. ed. Campinas, SP: Editora da Unicamp.<\/td><td class=\"column-2\">Livro f\u00edsico<\/td>\n<\/tr>\n<tr class=\"row-46 even\">\n\t<td class=\"column-1\">Scott, W. R. (2014). Institutions and Organizations: Ideas, Interests, and Identities. 4. ed. London, Thousand Oaks, CA &amp; New Dehli: Sage Publications.<\/td><td class=\"column-2\">Livro f\u00edsico \/ Ebook<\/td>\n<\/tr>\n<tr class=\"row-47 odd\">\n\t<td class=\"column-1\">Searle, J. R. (1981). Os Actos de Fala: Um Ensaio de Filosofia da Linguagem. Coimbra, Portugal: Livraria Almedina.<\/td><td class=\"column-2\">Livro f\u00edsico<\/td>\n<\/tr>\n<tr class=\"row-48 even\">\n\t<td class=\"column-1\">Searle, J. R. (2010). Making the Social World: The Structure of Human Civilization. Oxford: Oxford University Press.<\/td><td class=\"column-2\">Ebook<\/td>\n<\/tr>\n<tr class=\"row-49 odd\">\n\t<td class=\"column-1\">Signorini, I. (Org.). (2008). (Re)Discutir Texto, G\u00eanero e Discurso. 1. ed. S\u00e3o Paulo: Par\u00e1bola Editorial.<\/td><td class=\"column-2\">Livro f\u00edsico<\/td>\n<\/tr>\n<tr class=\"row-50 even\">\n\t<td class=\"column-1\">Signorini, I. (Org.). (2008). Situar a Linguagem. 1. ed. S\u00e3o Paulo: Par\u00e1bola Editorial.<\/td><td class=\"column-2\">Livro f\u00edsico<\/td>\n<\/tr>\n<tr class=\"row-51 odd\">\n\t<td class=\"column-1\">Sturdy, A., Heusinkveld, S., Reay, T., &amp; Strang, D. (Eds.). (2019). The Oxford Handbook of Management Ideas. Oxford: Oxford University Press.<\/td><td class=\"column-2\">Livro f\u00edsico<\/td>\n<\/tr>\n<tr class=\"row-52 even\">\n\t<td class=\"column-1\">Thornton, P. H., Ocasio, W., &amp; Lounsbury, M. (2012). The Institutional Logics Perspective: A New Approach to Culture, Structure, and Process. England: Oxford University Press.<\/td><td class=\"column-2\">Livro f\u00edsico \/ Ebook<\/td>\n<\/tr>\n<tr class=\"row-53 odd\">\n\t<td class=\"column-1\">Tietze, S., Cohen, L., &amp; Musson, G. (2003). Understanding organizations through language. London, Thousand Oaks, CA &amp; New Dehli: Sage Publications.<\/td><td class=\"column-2\">Livro f\u00edsico<\/td>\n<\/tr>\n<tr class=\"row-54 even\">\n\t<td class=\"column-1\">V\u00e1squez, C., &amp; Kuhn, T. (Eds.). (2019). Dis\/Organization as communication: Exploring the Disordering, Disruptive and Chaotic Properties of Communication (Routledge Studies in Communication, Organization, and Organizing). London: Routledge.<\/td><td class=\"column-2\">Ebook<\/td>\n<\/tr>\n<tr class=\"row-55 odd\">\n\t<td class=\"column-1\">Yanow, D., &amp; Schwartz-Shea, P. (Eds.). (2013). Interpretation and Method: Empirical Research Methods and the Interpretive Turn. 2. ed. Armonk, N. Y.: M. E. Sharpe.<\/td><td class=\"column-2\">Livro f\u00edsico<\/td>\n<\/tr>\n<tr class=\"row-56 even\">\n\t<td class=\"column-1\">Westwood, R., &amp; Linstead, S. (Eds.). (2001). The Language of Organization. London, Thousand Oaks, CA &amp; New Dehli: Sage Publications.<\/td><td class=\"column-2\">Livro f\u00edsico<\/td>\n<\/tr>\n<tr class=\"row-57 odd\">\n\t<td class=\"column-1\">Wodak, R., Johnstone, B., &amp; Kerswill, P. (Eds.). (2010). The SAGE Handbook of Sociolinguistics. 1. ed. London, Thousand Oaks, CA &amp; New Dehli: Sage Publications.<\/td><td class=\"column-2\">Livro f\u00edsico<\/td>\n<\/tr>\n<\/tbody>\n<\/table>\n<!-- #tablepress-1 from cache -->","protected":false},"excerpt":{"rendered":"<p>LIOrg \u2013 Language, Institutions and Organizations Research Center \u2013 has the following titles in its library:<\/p>","protected":false},"author":1,"featured_media":0,"parent":0,"menu_order":0,"comment_status":"closed","ping_status":"closed","template":"table.php","meta":{"footnotes":""},"acf":[],"_links":{"self":[{"href":"https:\/\/www.liorg.org\/en\/wp-json\/wp\/v2\/pages\/333"}],"collection":[{"href":"https:\/\/www.liorg.org\/en\/wp-json\/wp\/v2\/pages"}],"about":[{"href":"https:\/\/www.liorg.org\/en\/wp-json\/wp\/v2\/types\/page"}],"author":[{"embeddable":true,"href":"https:\/\/www.liorg.org\/en\/wp-json\/wp\/v2\/users\/1"}],"replies":[{"embeddable":true,"href":"https:\/\/www.liorg.org\/en\/wp-json\/wp\/v2\/comments?post=333"}],"version-history":[{"count":15,"href":"https:\/\/www.liorg.org\/en\/wp-json\/wp\/v2\/pages\/333\/revisions"}],"predecessor-version":[{"id":500,"href":"https:\/\/www.liorg.org\/en\/wp-json\/wp\/v2\/pages\/333\/revisions\/500"}],"wp:attachment":[{"href":"https:\/\/www.liorg.org\/en\/wp-json\/wp\/v2\/media?parent=333"}],"curies":[{"name":"wp","href":"https:\/\/api.w.org\/{rel}","templated":true}]}}