{"id":2,"date":"2018-07-24T15:32:09","date_gmt":"2018-07-24T18:32:09","guid":{"rendered":"https:\/\/www.liorg.org\/?page_id=2"},"modified":"2025-02-05T22:47:59","modified_gmt":"2025-02-06T01:47:59","slug":"quem-somos","status":"publish","type":"page","link":"https:\/\/www.liorg.org\/en\/quem-somos\/","title":{"rendered":"Who we are"},"content":{"rendered":"<h2 class=\"wp-block-heading\">To analyze organizations is, necessarily, to read them from some specific theoretical and conceptual focus, linguistically mediated.<\/h2>\n\n\n\n<p>In this sense, at LIOrg \u2013 Research Group on Language, Institutions and Organizations \u2013 we read organizations from an institutional perspective, assuming that institutions matter for understanding management issues and organizational dynamics, as language itself is a founding institution of the social dimension of reality. Thus, language and organizations are relevant social institutions of contemporary society.<\/p>\n\n\n\n<p class=\" translation-block\">The Research Group on Language, Institutions and Organizations (LIOrg) was founded in 2013 in the Master's and Doctoral Program in Management at Positivo University (PMDA\/UP) where, at the time, it was labeled \"Organizations, Media and Discourse\" (OMD). In 2017, the initiative broadened its investigative interests, in order to analyze the role, impact and consequences of institutions in organizations from a recursive notion \u2013 comprising 'institutions' in their processes and microfoundations, through the study of the social practices that instantiate and sustain them \u2013 in order to deepen the understanding of the relationship between language, institutions and issues related to management and organizations, whether private, public or third sector. In these terms, it bases its studies and researches on Organizational Institutionalism, Social Practice Theories (especially Anthony Giddens' 'Structuration Theory') and sociolinguistic views such as Semantic, Semiotics, Hermeneutics and Pragmatics [through the 'Communicative Constitution of Organizations' approach (CCO)]. Thus, it aims to discuss how language use constitutes social practices and, therefore, institutions, linguistically analyzing institutionalization processes that are operated through organizing, strategizing and managing practices, considering the role of communication (in terms of discourses, narratives and rhetoric), mediatization, professions, technologies and innovations, in a connected and interactive fashion.<\/p>\n\n\n\n<p>LIOrg \u2013 Research Group on Language, Institutions and Organizations \u2013 is maintained by the Brazilian Institute for Social Studies and Research (IBEPES) with support from resources from the National Council for Scientific and Technological Development (CNPq). As a research group, it is composed of researchers, professors and students spread across several teaching and research institutions in Brazil and abroad and, currently, is associated to the research line 'Organizations, Human Resource Management and Education' of the Graduate Program in Management at Federal University of Para\u00edba (PPGA\/UFPB).<\/p>\n\n\n\n<p>Further information can be obtained by e-mail: <strong>liorg@ibepes.org.br<\/strong><\/p>\n\n\n\n<p><\/p>","protected":false},"excerpt":{"rendered":"<p>Analisar organiza\u00e7\u00f5es \u00e9, necessariamente, l\u00ea-las a partir de algum enfoque te\u00f3rico e conceitual espec\u00edfico, linguisticamente mediado. Neste sentido, no LIOrg \u2013 N\u00facleo de Pesquisa em Linguagem, Institui\u00e7\u00f5es e Organiza\u00e7\u00f5es \u2013 lemos organiza\u00e7\u00f5es a partir do olhar institucional, partindo da premissa de que institui\u00e7\u00f5es importam para a compreens\u00e3o de problem\u00e1ticas da gest\u00e3o e da din\u00e2mica organizacional, &hellip; <a href=\"https:\/\/www.liorg.org\/en\/quem-somos\/\" class=\"more-link\">Continue reading<span class=\"screen-reader-text\"> &#8220;Quem somos&#8221;<\/span><\/a><\/p>","protected":false},"author":1,"featured_media":0,"parent":0,"menu_order":0,"comment_status":"closed","ping_status":"open","template":"","meta":{"footnotes":""},"acf":[],"_links":{"self":[{"href":"https:\/\/www.liorg.org\/en\/wp-json\/wp\/v2\/pages\/2"}],"collection":[{"href":"https:\/\/www.liorg.org\/en\/wp-json\/wp\/v2\/pages"}],"about":[{"href":"https:\/\/www.liorg.org\/en\/wp-json\/wp\/v2\/types\/page"}],"author":[{"embeddable":true,"href":"https:\/\/www.liorg.org\/en\/wp-json\/wp\/v2\/users\/1"}],"replies":[{"embeddable":true,"href":"https:\/\/www.liorg.org\/en\/wp-json\/wp\/v2\/comments?post=2"}],"version-history":[{"count":21,"href":"https:\/\/www.liorg.org\/en\/wp-json\/wp\/v2\/pages\/2\/revisions"}],"predecessor-version":[{"id":690,"href":"https:\/\/www.liorg.org\/en\/wp-json\/wp\/v2\/pages\/2\/revisions\/690"}],"wp:attachment":[{"href":"https:\/\/www.liorg.org\/en\/wp-json\/wp\/v2\/media?parent=2"}],"curies":[{"name":"wp","href":"https:\/\/api.w.org\/{rel}","templated":true}]}}